{"id":23,"date":"2012-12-01T22:18:32","date_gmt":"2012-12-01T22:18:32","guid":{"rendered":"http:\/\/chezsami.ch\/?page_id=23"},"modified":"2023-06-16T22:53:36","modified_gmt":"2023-06-16T22:53:36","slug":"restaurant","status":"publish","type":"page","link":"https:\/\/chezsami.ch\/?page_id=23","title":{"rendered":"RESTAURANT"},"content":{"rendered":"<style>.kb-row-layout-id_87014a-96 > .kt-row-column-wrap{align-content:start;}:where(.kb-row-layout-id_87014a-96 > .kt-row-column-wrap) > .wp-block-kadence-column{justify-content:start;}.kb-row-layout-id_87014a-96 > .kt-row-column-wrap{column-gap:var(--global-kb-gap-md, 2rem);row-gap:var(--global-kb-gap-md, 2rem);padding-top:var(--global-kb-spacing-sm, 1.5rem);padding-bottom:var(--global-kb-spacing-sm, 1.5rem);grid-template-columns:minmax(0, 2fr) minmax(0, 1fr);}.kb-row-layout-id_87014a-96 > .kt-row-layout-overlay{opacity:0.30;}@media all and (max-width: 1024px){.kb-row-layout-id_87014a-96 > .kt-row-column-wrap{grid-template-columns:minmax(0, 2fr) minmax(0, 1fr);}}@media all and (max-width: 767px){.kb-row-layout-id_87014a-96 > .kt-row-column-wrap{grid-template-columns:minmax(0, 1fr);}}<\/style><div class=\"kb-row-layout-wrap kb-row-layout-id_87014a-96 alignnone wp-block-kadence-rowlayout\"><div class=\"kt-row-column-wrap kt-has-2-columns kt-row-layout-left-golden kt-tab-layout-inherit kt-mobile-layout-row kt-row-valign-top\">\n<style>.kadence-column_752aa0-6e > .kt-inside-inner-col,.kadence-column_752aa0-6e > .kt-inside-inner-col:before{border-top-left-radius:0px;border-top-right-radius:0px;border-bottom-right-radius:0px;border-bottom-left-radius:0px;}.kadence-column_752aa0-6e > .kt-inside-inner-col{column-gap:var(--global-kb-gap-sm, 1rem);}.kadence-column_752aa0-6e > .kt-inside-inner-col{flex-direction:column;}.kadence-column_752aa0-6e > .kt-inside-inner-col > .aligncenter{width:100%;}.kadence-column_752aa0-6e > .kt-inside-inner-col:before{opacity:0.3;}.kadence-column_752aa0-6e{position:relative;}@media all and (max-width: 1024px){.kadence-column_752aa0-6e > .kt-inside-inner-col{flex-direction:column;justify-content:center;}}@media all and (max-width: 767px){.kadence-column_752aa0-6e > .kt-inside-inner-col{flex-direction:column;justify-content:center;}}<\/style>\n<div class=\"wp-block-kadence-column kadence-column_752aa0-6e\"><div class=\"kt-inside-inner-col\">\n<p>SAMI ABOU SAID, Chef de Cuisine, partage sa passion du m\u00e9tier avec toute son \u00e9quipe et perp\u00e9tue le concept de la gastronomie libanaise.<br>Tous les mets sont \u00e9labor\u00e9s et cuisin\u00e9s sur place, dans le strict respect des traditions et uniquement \u00e0 base de produits frais de premier choix, s\u00e9lectionn\u00e9s chez les meilleurs fournisseurs.<\/p>\n<\/div><\/div>\n\n\n<style>.kadence-column_a2748e-a7 > .kt-inside-inner-col,.kadence-column_a2748e-a7 > .kt-inside-inner-col:before{border-top-left-radius:0px;border-top-right-radius:0px;border-bottom-right-radius:0px;border-bottom-left-radius:0px;}.kadence-column_a2748e-a7 > .kt-inside-inner-col{column-gap:var(--global-kb-gap-sm, 1rem);}.kadence-column_a2748e-a7 > .kt-inside-inner-col{flex-direction:column;}.kadence-column_a2748e-a7 > .kt-inside-inner-col > .aligncenter{width:100%;}.kadence-column_a2748e-a7 > .kt-inside-inner-col:before{opacity:0.3;}.kadence-column_a2748e-a7{position:relative;}@media all and (max-width: 1024px){.kadence-column_a2748e-a7 > .kt-inside-inner-col{flex-direction:column;justify-content:center;}}@media all and (max-width: 767px){.kadence-column_a2748e-a7 > .kt-inside-inner-col{flex-direction:column;justify-content:center;}}<\/style>\n<div class=\"wp-block-kadence-column kadence-column_a2748e-a7\"><div class=\"kt-inside-inner-col\">\n<figure class=\"wp-block-image size-full\"><a href=\"https:\/\/chezsami.ch\/wp-content\/uploads\/2013\/02\/samii.jpg\"><img loading=\"lazy\" decoding=\"async\" width=\"800\" height=\"541\" src=\"https:\/\/chezsami.ch\/wp-content\/uploads\/2013\/02\/samii.jpg\" alt=\"\" class=\"wp-image-379\" srcset=\"https:\/\/chezsami.ch\/wp-content\/uploads\/2013\/02\/samii.jpg 800w, https:\/\/chezsami.ch\/wp-content\/uploads\/2013\/02\/samii-300x202.jpg 300w\" sizes=\"auto, (max-width: 800px) 100vw, 800px\" \/><\/a><\/figure>\n<\/div><\/div>\n\n<\/div><\/div>","protected":false},"excerpt":{"rendered":"<p>SAMI ABOU SAID, Chef de Cuisine, partage sa passion du m\u00e9tier avec toute son \u00e9quipe et perp\u00e9tue le concept de la gastronomie libanaise.Tous les mets sont \u00e9labor\u00e9s et cuisin\u00e9s sur place, dans le strict respect des traditions et uniquement \u00e0 base de produits frais de premier choix, s\u00e9lectionn\u00e9s chez les meilleurs fournisseurs.<\/p>\n","protected":false},"author":1,"featured_media":0,"parent":0,"menu_order":0,"comment_status":"closed","ping_status":"closed","template":"","meta":{"site-sidebar-layout":"default","site-content-layout":"","ast-site-content-layout":"default","site-content-style":"default","site-sidebar-style":"default","ast-global-header-display":"","ast-banner-title-visibility":"","ast-main-header-display":"","ast-hfb-above-header-display":"","ast-hfb-below-header-display":"","ast-hfb-mobile-header-display":"","site-post-title":"","ast-breadcrumbs-content":"","ast-featured-img":"","footer-sml-layout":"","ast-disable-related-posts":"","theme-transparent-header-meta":"","adv-header-id-meta":"","stick-header-meta":"","header-above-stick-meta":"","header-main-stick-meta":"","header-below-stick-meta":"","astra-migrate-meta-layouts":"default","ast-page-background-enabled":"default","ast-page-background-meta":{"desktop":{"background-color":"var(--ast-global-color-4)","background-image":"","background-repeat":"repeat","background-position":"center center","background-size":"auto","background-attachment":"scroll","background-type":"","background-media":"","overlay-type":"","overlay-color":"","overlay-opacity":"","overlay-gradient":""},"tablet":{"background-color":"","background-image":"","background-repeat":"repeat","background-position":"center center","background-size":"auto","background-attachment":"scroll","background-type":"","background-media":"","overlay-type":"","overlay-color":"","overlay-opacity":"","overlay-gradient":""},"mobile":{"background-color":"","background-image":"","background-repeat":"repeat","background-position":"center center","background-size":"auto","background-attachment":"scroll","background-type":"","background-media":"","overlay-type":"","overlay-color":"","overlay-opacity":"","overlay-gradient":""}},"ast-content-background-meta":{"desktop":{"background-color":"var(--ast-global-color-5)","background-image":"","background-repeat":"repeat","background-position":"center center","background-size":"auto","background-attachment":"scroll","background-type":"","background-media":"","overlay-type":"","overlay-color":"","overlay-opacity":"","overlay-gradient":""},"tablet":{"background-color":"var(--ast-global-color-5)","background-image":"","background-repeat":"repeat","background-position":"center center","background-size":"auto","background-attachment":"scroll","background-type":"","background-media":"","overlay-type":"","overlay-color":"","overlay-opacity":"","overlay-gradient":""},"mobile":{"background-color":"var(--ast-global-color-5)","background-image":"","background-repeat":"repeat","background-position":"center center","background-size":"auto","background-attachment":"scroll","background-type":"","background-media":"","overlay-type":"","overlay-color":"","overlay-opacity":"","overlay-gradient":""}},"footnotes":""},"class_list":["post-23","page","type-page","status-publish","hentry"],"_links":{"self":[{"href":"https:\/\/chezsami.ch\/index.php?rest_route=\/wp\/v2\/pages\/23","targetHints":{"allow":["GET"]}}],"collection":[{"href":"https:\/\/chezsami.ch\/index.php?rest_route=\/wp\/v2\/pages"}],"about":[{"href":"https:\/\/chezsami.ch\/index.php?rest_route=\/wp\/v2\/types\/page"}],"author":[{"embeddable":true,"href":"https:\/\/chezsami.ch\/index.php?rest_route=\/wp\/v2\/users\/1"}],"replies":[{"embeddable":true,"href":"https:\/\/chezsami.ch\/index.php?rest_route=%2Fwp%2Fv2%2Fcomments&post=23"}],"version-history":[{"count":18,"href":"https:\/\/chezsami.ch\/index.php?rest_route=\/wp\/v2\/pages\/23\/revisions"}],"predecessor-version":[{"id":3762,"href":"https:\/\/chezsami.ch\/index.php?rest_route=\/wp\/v2\/pages\/23\/revisions\/3762"}],"wp:attachment":[{"href":"https:\/\/chezsami.ch\/index.php?rest_route=%2Fwp%2Fv2%2Fmedia&parent=23"}],"curies":[{"name":"wp","href":"https:\/\/api.w.org\/{rel}","templated":true}]}}